{"id":29509,"date":"2019-01-10T19:40:02","date_gmt":"2019-01-10T18:40:02","guid":{"rendered":"https:\/\/yodelgrosdevaud.ch\/?page_id=29509"},"modified":"2020-01-21T15:20:05","modified_gmt":"2020-01-21T14:20:05","slug":"2017-2","status":"publish","type":"page","link":"https:\/\/yodelgrosdevaud.ch\/de\/acceuil\/2017-2\/","title":{"rendered":"2017"},"content":{"rendered":"\n<h2 class=\"wp-block-heading\">J\u00e4hrlicher Abend <\/h2>\n\n\n\n<div class=\"wp-block-jetpack-slideshow aligncenter\" data-autoplay=\"true\" data-delay=\"3\" data-effect=\"fade\"><div class=\"wp-block-jetpack-slideshow_container swiper-container\"><ul class=\"wp-block-jetpack-slideshow_swiper-wrapper swiper-wrapper\"><li class=\"wp-block-jetpack-slideshow_slide swiper-slide\"><figure><img loading=\"lazy\" decoding=\"async\" width=\"1024\" height=\"768\" alt=\"\" class=\"wp-block-jetpack-slideshow_image wp-image-28961\" data-id=\"28961\" src=\"https:\/\/yodelgrosdevaud.ch\/wp-content\/uploads\/2017\/11\/DSC015341-1024x768.jpg\" srcset=\"https:\/\/yodelgrosdevaud.ch\/wp-content\/uploads\/2017\/11\/DSC015341-1024x768.jpg 1024w, https:\/\/yodelgrosdevaud.ch\/wp-content\/uploads\/2017\/11\/DSC015341-300x225.jpg 300w, https:\/\/yodelgrosdevaud.ch\/wp-content\/uploads\/2017\/11\/DSC015341-768x576.jpg 768w, https:\/\/yodelgrosdevaud.ch\/wp-content\/uploads\/2017\/11\/DSC015341-510x382.jpg 510w, https:\/\/yodelgrosdevaud.ch\/wp-content\/uploads\/2017\/11\/DSC015341-1080x810.jpg 1080w, https:\/\/yodelgrosdevaud.ch\/wp-content\/uploads\/2017\/11\/DSC015341-1260x945.jpg 1260w\" sizes=\"(max-width: 1024px) 100vw, 1024px\" \/><figcaption class=\"wp-block-jetpack-slideshow_caption gallery-caption\"><\/figcaption><\/figure><\/li><li class=\"wp-block-jetpack-slideshow_slide swiper-slide\"><figure><img loading=\"lazy\" decoding=\"async\" width=\"576\" height=\"1024\" alt=\"\" class=\"wp-block-jetpack-slideshow_image wp-image-29019\" data-id=\"29019\" src=\"https:\/\/yodelgrosdevaud.ch\/wp-content\/uploads\/2017\/11\/20170318_141857-e1510251529129-576x1024.jpg\" srcset=\"https:\/\/yodelgrosdevaud.ch\/wp-content\/uploads\/2017\/11\/20170318_141857-e1510251529129-576x1024.jpg 576w, https:\/\/yodelgrosdevaud.ch\/wp-content\/uploads\/2017\/11\/20170318_141857-e1510251529129-169x300.jpg 169w, https:\/\/yodelgrosdevaud.ch\/wp-content\/uploads\/2017\/11\/20170318_141857-e1510251529129-768x1365.jpg 768w, https:\/\/yodelgrosdevaud.ch\/wp-content\/uploads\/2017\/11\/20170318_141857-e1510251529129-1080x1920.jpg 1080w, https:\/\/yodelgrosdevaud.ch\/wp-content\/uploads\/2017\/11\/20170318_141857-e1510251529129-1260x2240.jpg 1260w\" sizes=\"(max-width: 576px) 100vw, 576px\" \/><figcaption class=\"wp-block-jetpack-slideshow_caption gallery-caption\"><\/figcaption><\/figure><\/li><\/ul><a class=\"wp-block-jetpack-slideshow_button-prev swiper-button-prev swiper-button-white\" role=\"button\"><\/a><a class=\"wp-block-jetpack-slideshow_button-next swiper-button-next swiper-button-white\" role=\"button\"><\/a><a aria-label=\"Pause Slideshow\" class=\"wp-block-jetpack-slideshow_button-pause\" role=\"button\"><\/a><div class=\"wp-block-jetpack-slideshow_pagination swiper-pagination swiper-pagination-white\"><\/div><\/div><\/div>\n\n\n\n<h2 class=\"wp-block-heading\">See-Party, Yverdon<\/h2>\n\n\n<div class=\"wp-block-jetpack-slideshow aligncenter\" data-autoplay=\"true\" data-delay=\"3\" data-effect=\"fade\"><div class=\"wp-block-jetpack-slideshow_container swiper-container\"><ul class=\"wp-block-jetpack-slideshow_swiper-wrapper swiper-wrapper\"><li class=\"wp-block-jetpack-slideshow_slide swiper-slide\"><figure><img loading=\"lazy\" decoding=\"async\" width=\"1024\" height=\"768\" alt=\"\" class=\"wp-block-jetpack-slideshow_image wp-image-29771\" data-id=\"29771\" src=\"https:\/\/yodelgrosdevaud.ch\/wp-content\/uploads\/2020\/01\/IMG-20170625-WA0004-1024x768.jpg\" srcset=\"https:\/\/yodelgrosdevaud.ch\/wp-content\/uploads\/2020\/01\/IMG-20170625-WA0004-1024x768.jpg 1024w, https:\/\/yodelgrosdevaud.ch\/wp-content\/uploads\/2020\/01\/IMG-20170625-WA0004-300x225.jpg 300w, https:\/\/yodelgrosdevaud.ch\/wp-content\/uploads\/2020\/01\/IMG-20170625-WA0004-768x576.jpg 768w, https:\/\/yodelgrosdevaud.ch\/wp-content\/uploads\/2020\/01\/IMG-20170625-WA0004-1536x1152.jpg 1536w, https:\/\/yodelgrosdevaud.ch\/wp-content\/uploads\/2020\/01\/IMG-20170625-WA0004-510x382.jpg 510w, https:\/\/yodelgrosdevaud.ch\/wp-content\/uploads\/2020\/01\/IMG-20170625-WA0004-1080x810.jpg 1080w, https:\/\/yodelgrosdevaud.ch\/wp-content\/uploads\/2020\/01\/IMG-20170625-WA0004-1260x945.jpg 1260w, https:\/\/yodelgrosdevaud.ch\/wp-content\/uploads\/2020\/01\/IMG-20170625-WA0004.jpg 1600w\" sizes=\"(max-width: 1024px) 100vw, 1024px\" \/><\/figure><\/li><li class=\"wp-block-jetpack-slideshow_slide swiper-slide\"><figure><img loading=\"lazy\" decoding=\"async\" width=\"1024\" height=\"768\" alt=\"\" class=\"wp-block-jetpack-slideshow_image wp-image-29772\" data-id=\"29772\" src=\"https:\/\/yodelgrosdevaud.ch\/wp-content\/uploads\/2020\/01\/IMG-20170625-WA0006-1024x768.jpg\" srcset=\"https:\/\/yodelgrosdevaud.ch\/wp-content\/uploads\/2020\/01\/IMG-20170625-WA0006-1024x768.jpg 1024w, https:\/\/yodelgrosdevaud.ch\/wp-content\/uploads\/2020\/01\/IMG-20170625-WA0006-300x225.jpg 300w, https:\/\/yodelgrosdevaud.ch\/wp-content\/uploads\/2020\/01\/IMG-20170625-WA0006-768x576.jpg 768w, https:\/\/yodelgrosdevaud.ch\/wp-content\/uploads\/2020\/01\/IMG-20170625-WA0006-1536x1152.jpg 1536w, https:\/\/yodelgrosdevaud.ch\/wp-content\/uploads\/2020\/01\/IMG-20170625-WA0006-510x382.jpg 510w, https:\/\/yodelgrosdevaud.ch\/wp-content\/uploads\/2020\/01\/IMG-20170625-WA0006-1080x810.jpg 1080w, https:\/\/yodelgrosdevaud.ch\/wp-content\/uploads\/2020\/01\/IMG-20170625-WA0006-1260x945.jpg 1260w, https:\/\/yodelgrosdevaud.ch\/wp-content\/uploads\/2020\/01\/IMG-20170625-WA0006.jpg 1600w\" sizes=\"(max-width: 1024px) 100vw, 1024px\" \/><\/figure><\/li><li class=\"wp-block-jetpack-slideshow_slide swiper-slide\"><figure><img loading=\"lazy\" decoding=\"async\" width=\"1024\" height=\"768\" alt=\"\" class=\"wp-block-jetpack-slideshow_image wp-image-29773\" data-id=\"29773\" src=\"https:\/\/yodelgrosdevaud.ch\/wp-content\/uploads\/2020\/01\/IMG-20170625-WA0000-1024x768.jpg\" srcset=\"https:\/\/yodelgrosdevaud.ch\/wp-content\/uploads\/2020\/01\/IMG-20170625-WA0000-1024x768.jpg 1024w, https:\/\/yodelgrosdevaud.ch\/wp-content\/uploads\/2020\/01\/IMG-20170625-WA0000-300x225.jpg 300w, https:\/\/yodelgrosdevaud.ch\/wp-content\/uploads\/2020\/01\/IMG-20170625-WA0000-768x576.jpg 768w, https:\/\/yodelgrosdevaud.ch\/wp-content\/uploads\/2020\/01\/IMG-20170625-WA0000-1536x1152.jpg 1536w, https:\/\/yodelgrosdevaud.ch\/wp-content\/uploads\/2020\/01\/IMG-20170625-WA0000-510x382.jpg 510w, https:\/\/yodelgrosdevaud.ch\/wp-content\/uploads\/2020\/01\/IMG-20170625-WA0000-1080x810.jpg 1080w, https:\/\/yodelgrosdevaud.ch\/wp-content\/uploads\/2020\/01\/IMG-20170625-WA0000-1260x945.jpg 1260w, https:\/\/yodelgrosdevaud.ch\/wp-content\/uploads\/2020\/01\/IMG-20170625-WA0000.jpg 1600w\" sizes=\"(max-width: 1024px) 100vw, 1024px\" \/><\/figure><\/li><li class=\"wp-block-jetpack-slideshow_slide swiper-slide\"><figure><img loading=\"lazy\" decoding=\"async\" width=\"1024\" height=\"768\" alt=\"\" class=\"wp-block-jetpack-slideshow_image wp-image-29774\" data-id=\"29774\" src=\"https:\/\/yodelgrosdevaud.ch\/wp-content\/uploads\/2020\/01\/IMG-20170625-WA0001-1024x768.jpg\" srcset=\"https:\/\/yodelgrosdevaud.ch\/wp-content\/uploads\/2020\/01\/IMG-20170625-WA0001-1024x768.jpg 1024w, https:\/\/yodelgrosdevaud.ch\/wp-content\/uploads\/2020\/01\/IMG-20170625-WA0001-300x225.jpg 300w, https:\/\/yodelgrosdevaud.ch\/wp-content\/uploads\/2020\/01\/IMG-20170625-WA0001-768x576.jpg 768w, https:\/\/yodelgrosdevaud.ch\/wp-content\/uploads\/2020\/01\/IMG-20170625-WA0001-1536x1152.jpg 1536w, https:\/\/yodelgrosdevaud.ch\/wp-content\/uploads\/2020\/01\/IMG-20170625-WA0001-510x382.jpg 510w, https:\/\/yodelgrosdevaud.ch\/wp-content\/uploads\/2020\/01\/IMG-20170625-WA0001-1080x810.jpg 1080w, https:\/\/yodelgrosdevaud.ch\/wp-content\/uploads\/2020\/01\/IMG-20170625-WA0001-1260x945.jpg 1260w, https:\/\/yodelgrosdevaud.ch\/wp-content\/uploads\/2020\/01\/IMG-20170625-WA0001.jpg 1600w\" sizes=\"(max-width: 1024px) 100vw, 1024px\" \/><\/figure><\/li><li class=\"wp-block-jetpack-slideshow_slide swiper-slide\"><figure><img loading=\"lazy\" decoding=\"async\" width=\"768\" height=\"1024\" alt=\"\" class=\"wp-block-jetpack-slideshow_image wp-image-29775\" data-id=\"29775\" src=\"https:\/\/yodelgrosdevaud.ch\/wp-content\/uploads\/2020\/01\/IMG-20170625-WA0002-768x1024.jpg\" srcset=\"https:\/\/yodelgrosdevaud.ch\/wp-content\/uploads\/2020\/01\/IMG-20170625-WA0002-768x1024.jpg 768w, https:\/\/yodelgrosdevaud.ch\/wp-content\/uploads\/2020\/01\/IMG-20170625-WA0002-225x300.jpg 225w, https:\/\/yodelgrosdevaud.ch\/wp-content\/uploads\/2020\/01\/IMG-20170625-WA0002-1152x1536.jpg 1152w, https:\/\/yodelgrosdevaud.ch\/wp-content\/uploads\/2020\/01\/IMG-20170625-WA0002-1080x1440.jpg 1080w, https:\/\/yodelgrosdevaud.ch\/wp-content\/uploads\/2020\/01\/IMG-20170625-WA0002.jpg 1200w\" sizes=\"(max-width: 768px) 100vw, 768px\" \/><\/figure><\/li><\/ul><a class=\"wp-block-jetpack-slideshow_button-prev swiper-button-prev swiper-button-white\" role=\"button\"><\/a><a class=\"wp-block-jetpack-slideshow_button-next swiper-button-next swiper-button-white\" role=\"button\"><\/a><a aria-label=\"Pause Slideshow\" class=\"wp-block-jetpack-slideshow_button-pause\" role=\"button\"><\/a><div class=\"wp-block-jetpack-slideshow_pagination swiper-pagination swiper-pagination-white\"><\/div><\/div><\/div>\n\n\n<h2 class=\"wp-block-heading\">Giron de chant, Echallens<\/h2>\n\n\n\n<p>Promotion pour la f\u00eate romande des yodleurs<\/p>\n\n\n\n<div class=\"wp-block-jetpack-slideshow aligncenter\" data-autoplay=\"true\" data-delay=\"3\" data-effect=\"fade\"><div class=\"wp-block-jetpack-slideshow_container swiper-container\"><ul class=\"wp-block-jetpack-slideshow_swiper-wrapper swiper-wrapper\"><li class=\"wp-block-jetpack-slideshow_slide swiper-slide\"><figure><img loading=\"lazy\" decoding=\"async\" width=\"1024\" height=\"768\" alt=\"\" class=\"wp-block-jetpack-slideshow_image wp-image-29175\" data-id=\"29175\" src=\"https:\/\/yodelgrosdevaud.ch\/wp-content\/uploads\/2017\/11\/IMG-20170515-WA0003-1-1024x768.jpg\" srcset=\"https:\/\/yodelgrosdevaud.ch\/wp-content\/uploads\/2017\/11\/IMG-20170515-WA0003-1-1024x768.jpg 1024w, https:\/\/yodelgrosdevaud.ch\/wp-content\/uploads\/2017\/11\/IMG-20170515-WA0003-1-300x225.jpg 300w, https:\/\/yodelgrosdevaud.ch\/wp-content\/uploads\/2017\/11\/IMG-20170515-WA0003-1-768x576.jpg 768w, https:\/\/yodelgrosdevaud.ch\/wp-content\/uploads\/2017\/11\/IMG-20170515-WA0003-1-510x382.jpg 510w, https:\/\/yodelgrosdevaud.ch\/wp-content\/uploads\/2017\/11\/IMG-20170515-WA0003-1-1080x810.jpg 1080w, https:\/\/yodelgrosdevaud.ch\/wp-content\/uploads\/2017\/11\/IMG-20170515-WA0003-1-1260x945.jpg 1260w, https:\/\/yodelgrosdevaud.ch\/wp-content\/uploads\/2017\/11\/IMG-20170515-WA0003-1.jpg 1600w\" sizes=\"(max-width: 1024px) 100vw, 1024px\" \/><figcaption class=\"wp-block-jetpack-slideshow_caption gallery-caption\"><\/figcaption><\/figure><\/li><li class=\"wp-block-jetpack-slideshow_slide swiper-slide\"><figure><img loading=\"lazy\" decoding=\"async\" width=\"1024\" height=\"768\" alt=\"\" class=\"wp-block-jetpack-slideshow_image wp-image-29174\" data-id=\"29174\" src=\"https:\/\/yodelgrosdevaud.ch\/wp-content\/uploads\/2017\/11\/IMG-20170515-WA0002-1-1024x768.jpg\" srcset=\"https:\/\/yodelgrosdevaud.ch\/wp-content\/uploads\/2017\/11\/IMG-20170515-WA0002-1-1024x768.jpg 1024w, https:\/\/yodelgrosdevaud.ch\/wp-content\/uploads\/2017\/11\/IMG-20170515-WA0002-1-300x225.jpg 300w, https:\/\/yodelgrosdevaud.ch\/wp-content\/uploads\/2017\/11\/IMG-20170515-WA0002-1-768x576.jpg 768w, https:\/\/yodelgrosdevaud.ch\/wp-content\/uploads\/2017\/11\/IMG-20170515-WA0002-1-510x382.jpg 510w, https:\/\/yodelgrosdevaud.ch\/wp-content\/uploads\/2017\/11\/IMG-20170515-WA0002-1-1080x810.jpg 1080w, https:\/\/yodelgrosdevaud.ch\/wp-content\/uploads\/2017\/11\/IMG-20170515-WA0002-1-1260x945.jpg 1260w, https:\/\/yodelgrosdevaud.ch\/wp-content\/uploads\/2017\/11\/IMG-20170515-WA0002-1.jpg 1600w\" sizes=\"(max-width: 1024px) 100vw, 1024px\" \/><figcaption class=\"wp-block-jetpack-slideshow_caption gallery-caption\"><\/figcaption><\/figure><\/li><li class=\"wp-block-jetpack-slideshow_slide swiper-slide\"><figure><img loading=\"lazy\" decoding=\"async\" width=\"1024\" height=\"576\" alt=\"\" class=\"wp-block-jetpack-slideshow_image wp-image-29126\" data-id=\"29126\" src=\"https:\/\/yodelgrosdevaud.ch\/wp-content\/uploads\/2017\/11\/20171014_134743-1024x576.jpg\" srcset=\"https:\/\/yodelgrosdevaud.ch\/wp-content\/uploads\/2017\/11\/20171014_134743-1024x576.jpg 1024w, https:\/\/yodelgrosdevaud.ch\/wp-content\/uploads\/2017\/11\/20171014_134743-300x169.jpg 300w, https:\/\/yodelgrosdevaud.ch\/wp-content\/uploads\/2017\/11\/20171014_134743-768x432.jpg 768w, https:\/\/yodelgrosdevaud.ch\/wp-content\/uploads\/2017\/11\/20171014_134743-1080x608.jpg 1080w, https:\/\/yodelgrosdevaud.ch\/wp-content\/uploads\/2017\/11\/20171014_134743-1260x709.jpg 1260w, https:\/\/yodelgrosdevaud.ch\/wp-content\/uploads\/2017\/11\/20171014_134743.jpg 1280w\" sizes=\"(max-width: 1024px) 100vw, 1024px\" \/><figcaption class=\"wp-block-jetpack-slideshow_caption gallery-caption\"><\/figcaption><\/figure><\/li><li class=\"wp-block-jetpack-slideshow_slide swiper-slide\"><figure><img loading=\"lazy\" decoding=\"async\" width=\"1024\" height=\"768\" alt=\"\" class=\"wp-block-jetpack-slideshow_image wp-image-29024\" data-id=\"29024\" src=\"https:\/\/yodelgrosdevaud.ch\/wp-content\/uploads\/2017\/11\/IMG-20170515-WA0003-1024x768.jpg\" srcset=\"https:\/\/yodelgrosdevaud.ch\/wp-content\/uploads\/2017\/11\/IMG-20170515-WA0003-1024x768.jpg 1024w, https:\/\/yodelgrosdevaud.ch\/wp-content\/uploads\/2017\/11\/IMG-20170515-WA0003-300x225.jpg 300w, https:\/\/yodelgrosdevaud.ch\/wp-content\/uploads\/2017\/11\/IMG-20170515-WA0003-768x576.jpg 768w, https:\/\/yodelgrosdevaud.ch\/wp-content\/uploads\/2017\/11\/IMG-20170515-WA0003-510x382.jpg 510w, https:\/\/yodelgrosdevaud.ch\/wp-content\/uploads\/2017\/11\/IMG-20170515-WA0003-1080x810.jpg 1080w, https:\/\/yodelgrosdevaud.ch\/wp-content\/uploads\/2017\/11\/IMG-20170515-WA0003-1260x945.jpg 1260w, https:\/\/yodelgrosdevaud.ch\/wp-content\/uploads\/2017\/11\/IMG-20170515-WA0003.jpg 1600w\" sizes=\"(max-width: 1024px) 100vw, 1024px\" \/><figcaption class=\"wp-block-jetpack-slideshow_caption gallery-caption\"><\/figcaption><\/figure><\/li><li class=\"wp-block-jetpack-slideshow_slide swiper-slide\"><figure><img loading=\"lazy\" decoding=\"async\" width=\"1024\" height=\"768\" alt=\"\" class=\"wp-block-jetpack-slideshow_image wp-image-29022\" data-id=\"29022\" src=\"https:\/\/yodelgrosdevaud.ch\/wp-content\/uploads\/2017\/11\/IMG-20170515-WA0001-1024x768.jpg\" srcset=\"https:\/\/yodelgrosdevaud.ch\/wp-content\/uploads\/2017\/11\/IMG-20170515-WA0001-1024x768.jpg 1024w, https:\/\/yodelgrosdevaud.ch\/wp-content\/uploads\/2017\/11\/IMG-20170515-WA0001-300x225.jpg 300w, https:\/\/yodelgrosdevaud.ch\/wp-content\/uploads\/2017\/11\/IMG-20170515-WA0001-768x576.jpg 768w, https:\/\/yodelgrosdevaud.ch\/wp-content\/uploads\/2017\/11\/IMG-20170515-WA0001-510x382.jpg 510w, https:\/\/yodelgrosdevaud.ch\/wp-content\/uploads\/2017\/11\/IMG-20170515-WA0001-1080x810.jpg 1080w, https:\/\/yodelgrosdevaud.ch\/wp-content\/uploads\/2017\/11\/IMG-20170515-WA0001-1260x945.jpg 1260w, https:\/\/yodelgrosdevaud.ch\/wp-content\/uploads\/2017\/11\/IMG-20170515-WA0001.jpg 1600w\" sizes=\"(max-width: 1024px) 100vw, 1024px\" \/><figcaption class=\"wp-block-jetpack-slideshow_caption gallery-caption\"><\/figcaption><\/figure><\/li><li class=\"wp-block-jetpack-slideshow_slide swiper-slide\"><figure><img loading=\"lazy\" decoding=\"async\" width=\"768\" height=\"1024\" alt=\"\" class=\"wp-block-jetpack-slideshow_image wp-image-29023\" data-id=\"29023\" src=\"https:\/\/yodelgrosdevaud.ch\/wp-content\/uploads\/2017\/11\/IMG-20170515-WA0002-768x1024.jpg\" srcset=\"https:\/\/yodelgrosdevaud.ch\/wp-content\/uploads\/2017\/11\/IMG-20170515-WA0002-768x1024.jpg 768w, https:\/\/yodelgrosdevaud.ch\/wp-content\/uploads\/2017\/11\/IMG-20170515-WA0002-225x300.jpg 225w, https:\/\/yodelgrosdevaud.ch\/wp-content\/uploads\/2017\/11\/IMG-20170515-WA0002-1080x1440.jpg 1080w, https:\/\/yodelgrosdevaud.ch\/wp-content\/uploads\/2017\/11\/IMG-20170515-WA0002.jpg 1200w\" sizes=\"(max-width: 768px) 100vw, 768px\" \/><figcaption class=\"wp-block-jetpack-slideshow_caption gallery-caption\"><\/figcaption><\/figure><\/li><\/ul><a class=\"wp-block-jetpack-slideshow_button-prev swiper-button-prev swiper-button-white\" role=\"button\"><\/a><a class=\"wp-block-jetpack-slideshow_button-next swiper-button-next swiper-button-white\" role=\"button\"><\/a><a aria-label=\"Pause Slideshow\" class=\"wp-block-jetpack-slideshow_button-pause\" role=\"button\"><\/a><div class=\"wp-block-jetpack-slideshow_pagination swiper-pagination swiper-pagination-white\"><\/div><\/div><\/div>\n\n\n\n<h2 class=\"wp-block-heading\">Comptoir, Yverdon-les-Bains<\/h2>\n\n\n\n<div class=\"wp-block-jetpack-slideshow aligncenter\" data-autoplay=\"true\" data-delay=\"3\" data-effect=\"fade\"><div class=\"wp-block-jetpack-slideshow_container swiper-container\"><ul class=\"wp-block-jetpack-slideshow_swiper-wrapper swiper-wrapper\"><li class=\"wp-block-jetpack-slideshow_slide swiper-slide\"><figure><img loading=\"lazy\" decoding=\"async\" width=\"1024\" height=\"576\" alt=\"\" class=\"wp-block-jetpack-slideshow_image wp-image-29482\" data-id=\"29482\" src=\"https:\/\/yodelgrosdevaud.ch\/wp-content\/uploads\/2019\/01\/IMG-20180325-WA0003-1024x576.jpg\" srcset=\"https:\/\/yodelgrosdevaud.ch\/wp-content\/uploads\/2019\/01\/IMG-20180325-WA0003-1024x576.jpg 1024w, https:\/\/yodelgrosdevaud.ch\/wp-content\/uploads\/2019\/01\/IMG-20180325-WA0003-300x169.jpg 300w, https:\/\/yodelgrosdevaud.ch\/wp-content\/uploads\/2019\/01\/IMG-20180325-WA0003-768x432.jpg 768w, https:\/\/yodelgrosdevaud.ch\/wp-content\/uploads\/2019\/01\/IMG-20180325-WA0003-1080x608.jpg 1080w, https:\/\/yodelgrosdevaud.ch\/wp-content\/uploads\/2019\/01\/IMG-20180325-WA0003-1260x709.jpg 1260w, https:\/\/yodelgrosdevaud.ch\/wp-content\/uploads\/2019\/01\/IMG-20180325-WA0003.jpg 1280w\" sizes=\"(max-width: 1024px) 100vw, 1024px\" \/><figcaption class=\"wp-block-jetpack-slideshow_caption gallery-caption\"><\/figcaption><\/figure><\/li><li class=\"wp-block-jetpack-slideshow_slide swiper-slide\"><figure><img loading=\"lazy\" decoding=\"async\" width=\"1024\" height=\"576\" alt=\"\" class=\"wp-block-jetpack-slideshow_image wp-image-29483\" data-id=\"29483\" src=\"https:\/\/yodelgrosdevaud.ch\/wp-content\/uploads\/2019\/01\/IMG-20180325-WA0004-1024x576.jpg\" srcset=\"https:\/\/yodelgrosdevaud.ch\/wp-content\/uploads\/2019\/01\/IMG-20180325-WA0004-1024x576.jpg 1024w, https:\/\/yodelgrosdevaud.ch\/wp-content\/uploads\/2019\/01\/IMG-20180325-WA0004-300x169.jpg 300w, https:\/\/yodelgrosdevaud.ch\/wp-content\/uploads\/2019\/01\/IMG-20180325-WA0004-768x432.jpg 768w, https:\/\/yodelgrosdevaud.ch\/wp-content\/uploads\/2019\/01\/IMG-20180325-WA0004-1080x608.jpg 1080w, https:\/\/yodelgrosdevaud.ch\/wp-content\/uploads\/2019\/01\/IMG-20180325-WA0004-1260x709.jpg 1260w, https:\/\/yodelgrosdevaud.ch\/wp-content\/uploads\/2019\/01\/IMG-20180325-WA0004.jpg 1280w\" sizes=\"(max-width: 1024px) 100vw, 1024px\" \/><figcaption class=\"wp-block-jetpack-slideshow_caption gallery-caption\"><\/figcaption><\/figure><\/li><\/ul><a class=\"wp-block-jetpack-slideshow_button-prev swiper-button-prev swiper-button-white\" role=\"button\"><\/a><a class=\"wp-block-jetpack-slideshow_button-next swiper-button-next swiper-button-white\" role=\"button\"><\/a><a aria-label=\"Pause Slideshow\" class=\"wp-block-jetpack-slideshow_button-pause\" role=\"button\"><\/a><div class=\"wp-block-jetpack-slideshow_pagination swiper-pagination swiper-pagination-white\"><\/div><\/div><\/div>\n\n\n\n<h2 class=\"wp-block-heading\">Bio-Agri, Moudon<\/h2>\n\n\n\n<p>Promotion pour la f\u00eate romande des Yodleurs<\/p>\n\n\n\n<div class=\"wp-block-jetpack-slideshow aligncenter\" data-autoplay=\"true\" data-delay=\"3\" data-effect=\"fade\"><div class=\"wp-block-jetpack-slideshow_container swiper-container\"><ul class=\"wp-block-jetpack-slideshow_swiper-wrapper swiper-wrapper\"><li class=\"wp-block-jetpack-slideshow_slide swiper-slide\"><figure><img loading=\"lazy\" decoding=\"async\" width=\"1024\" height=\"768\" alt=\"\" class=\"wp-block-jetpack-slideshow_image wp-image-29309\" data-id=\"29309\" src=\"https:\/\/yodelgrosdevaud.ch\/wp-content\/uploads\/2018\/10\/DSC_0178-1-1024x768.jpg\" srcset=\"https:\/\/yodelgrosdevaud.ch\/wp-content\/uploads\/2018\/10\/DSC_0178-1-1024x768.jpg 1024w, https:\/\/yodelgrosdevaud.ch\/wp-content\/uploads\/2018\/10\/DSC_0178-1-300x225.jpg 300w, https:\/\/yodelgrosdevaud.ch\/wp-content\/uploads\/2018\/10\/DSC_0178-1-768x576.jpg 768w, https:\/\/yodelgrosdevaud.ch\/wp-content\/uploads\/2018\/10\/DSC_0178-1-510x382.jpg 510w, https:\/\/yodelgrosdevaud.ch\/wp-content\/uploads\/2018\/10\/DSC_0178-1-1080x810.jpg 1080w, https:\/\/yodelgrosdevaud.ch\/wp-content\/uploads\/2018\/10\/DSC_0178-1-1260x945.jpg 1260w\" sizes=\"(max-width: 1024px) 100vw, 1024px\" \/><figcaption class=\"wp-block-jetpack-slideshow_caption gallery-caption\"><\/figcaption><\/figure><\/li><li class=\"wp-block-jetpack-slideshow_slide swiper-slide\"><figure><img loading=\"lazy\" decoding=\"async\" width=\"1024\" height=\"576\" alt=\"\" class=\"wp-block-jetpack-slideshow_image wp-image-29308\" data-id=\"29308\" src=\"https:\/\/yodelgrosdevaud.ch\/wp-content\/uploads\/2018\/10\/20180512_140800-1-1024x576.jpg\" srcset=\"https:\/\/yodelgrosdevaud.ch\/wp-content\/uploads\/2018\/10\/20180512_140800-1-1024x576.jpg 1024w, https:\/\/yodelgrosdevaud.ch\/wp-content\/uploads\/2018\/10\/20180512_140800-1-300x169.jpg 300w, https:\/\/yodelgrosdevaud.ch\/wp-content\/uploads\/2018\/10\/20180512_140800-1-768x432.jpg 768w, https:\/\/yodelgrosdevaud.ch\/wp-content\/uploads\/2018\/10\/20180512_140800-1-1080x608.jpg 1080w, https:\/\/yodelgrosdevaud.ch\/wp-content\/uploads\/2018\/10\/20180512_140800-1-1260x709.jpg 1260w\" sizes=\"(max-width: 1024px) 100vw, 1024px\" \/><figcaption class=\"wp-block-jetpack-slideshow_caption gallery-caption\"><\/figcaption><\/figure><\/li><\/ul><a class=\"wp-block-jetpack-slideshow_button-prev swiper-button-prev swiper-button-white\" role=\"button\"><\/a><a class=\"wp-block-jetpack-slideshow_button-next swiper-button-next swiper-button-white\" role=\"button\"><\/a><a aria-label=\"Pause Slideshow\" class=\"wp-block-jetpack-slideshow_button-pause\" role=\"button\"><\/a><div class=\"wp-block-jetpack-slideshow_pagination swiper-pagination swiper-pagination-white\"><\/div><\/div><\/div>\n\n\n\n<h2 class=\"wp-block-heading\">Chant\u00e9e pour les 75ans du Juragl\u00f6ggli, Orbe<\/h2>\n\n\n\n<div class=\"wp-block-jetpack-slideshow aligncenter\" data-autoplay=\"true\" data-delay=\"3\" data-effect=\"fade\"><div class=\"wp-block-jetpack-slideshow_container swiper-container\"><ul class=\"wp-block-jetpack-slideshow_swiper-wrapper swiper-wrapper\"><li class=\"wp-block-jetpack-slideshow_slide swiper-slide\"><figure><img loading=\"lazy\" decoding=\"async\" width=\"1024\" height=\"576\" alt=\"\" class=\"wp-block-jetpack-slideshow_image wp-image-29021\" data-id=\"29021\" src=\"https:\/\/yodelgrosdevaud.ch\/wp-content\/uploads\/2017\/11\/20170527_172423-1024x576.jpg\" srcset=\"https:\/\/yodelgrosdevaud.ch\/wp-content\/uploads\/2017\/11\/20170527_172423-1024x576.jpg 1024w, https:\/\/yodelgrosdevaud.ch\/wp-content\/uploads\/2017\/11\/20170527_172423-300x169.jpg 300w, https:\/\/yodelgrosdevaud.ch\/wp-content\/uploads\/2017\/11\/20170527_172423-768x432.jpg 768w, https:\/\/yodelgrosdevaud.ch\/wp-content\/uploads\/2017\/11\/20170527_172423-1080x608.jpg 1080w, https:\/\/yodelgrosdevaud.ch\/wp-content\/uploads\/2017\/11\/20170527_172423-1260x709.jpg 1260w\" sizes=\"(max-width: 1024px) 100vw, 1024px\" \/><figcaption class=\"wp-block-jetpack-slideshow_caption gallery-caption\"><\/figcaption><\/figure><\/li><li class=\"wp-block-jetpack-slideshow_slide swiper-slide\"><figure><img loading=\"lazy\" decoding=\"async\" width=\"1024\" height=\"576\" alt=\"\" class=\"wp-block-jetpack-slideshow_image wp-image-29020\" data-id=\"29020\" src=\"https:\/\/yodelgrosdevaud.ch\/wp-content\/uploads\/2017\/11\/20170527_172420-1024x576.jpg\" srcset=\"https:\/\/yodelgrosdevaud.ch\/wp-content\/uploads\/2017\/11\/20170527_172420-1024x576.jpg 1024w, https:\/\/yodelgrosdevaud.ch\/wp-content\/uploads\/2017\/11\/20170527_172420-300x169.jpg 300w, https:\/\/yodelgrosdevaud.ch\/wp-content\/uploads\/2017\/11\/20170527_172420-768x432.jpg 768w, https:\/\/yodelgrosdevaud.ch\/wp-content\/uploads\/2017\/11\/20170527_172420-1080x608.jpg 1080w, https:\/\/yodelgrosdevaud.ch\/wp-content\/uploads\/2017\/11\/20170527_172420-1260x709.jpg 1260w\" sizes=\"(max-width: 1024px) 100vw, 1024px\" \/><figcaption class=\"wp-block-jetpack-slideshow_caption gallery-caption\"><\/figcaption><\/figure><\/li><\/ul><a class=\"wp-block-jetpack-slideshow_button-prev swiper-button-prev swiper-button-white\" role=\"button\"><\/a><a class=\"wp-block-jetpack-slideshow_button-next swiper-button-next swiper-button-white\" role=\"button\"><\/a><a aria-label=\"Pause Slideshow\" class=\"wp-block-jetpack-slideshow_button-pause\" role=\"button\"><\/a><div class=\"wp-block-jetpack-slideshow_pagination swiper-pagination swiper-pagination-white\"><\/div><\/div><\/div>\n","protected":false},"excerpt":{"rendered":"<p>J\u00e4hrlicher Abend See-Party, Yverdon Giron de chant, Echallens Promotion pour la f\u00eate romande des yodleurs Comptoir, Yverdon-les-Bains Bio-Agri, Moudon Promotion pour la f\u00eate romande des Yodleurs Chant\u00e9e pour les 75ans du Juragl\u00f6ggli, Orbe<\/p>\n","protected":false},"author":1,"featured_media":0,"parent":28906,"menu_order":0,"comment_status":"closed","ping_status":"closed","template":"","meta":{"_et_pb_use_builder":"off","_et_pb_old_content":"","_et_gb_content_width":"","footnotes":""},"class_list":{"0":"post-29509","1":"page","2":"type-page","3":"status-publish","5":"entry"},"jetpack_sharing_enabled":true,"jetpack_shortlink":"https:\/\/wp.me\/P9mzxp-7FX","_links":{"self":[{"href":"https:\/\/yodelgrosdevaud.ch\/de\/wp-json\/wp\/v2\/pages\/29509","targetHints":{"allow":["GET"]}}],"collection":[{"href":"https:\/\/yodelgrosdevaud.ch\/de\/wp-json\/wp\/v2\/pages"}],"about":[{"href":"https:\/\/yodelgrosdevaud.ch\/de\/wp-json\/wp\/v2\/types\/page"}],"author":[{"embeddable":true,"href":"https:\/\/yodelgrosdevaud.ch\/de\/wp-json\/wp\/v2\/users\/1"}],"replies":[{"embeddable":true,"href":"https:\/\/yodelgrosdevaud.ch\/de\/wp-json\/wp\/v2\/comments?post=29509"}],"version-history":[{"count":4,"href":"https:\/\/yodelgrosdevaud.ch\/de\/wp-json\/wp\/v2\/pages\/29509\/revisions"}],"predecessor-version":[{"id":29780,"href":"https:\/\/yodelgrosdevaud.ch\/de\/wp-json\/wp\/v2\/pages\/29509\/revisions\/29780"}],"up":[{"embeddable":true,"href":"https:\/\/yodelgrosdevaud.ch\/de\/wp-json\/wp\/v2\/pages\/28906"}],"wp:attachment":[{"href":"https:\/\/yodelgrosdevaud.ch\/de\/wp-json\/wp\/v2\/media?parent=29509"}],"curies":[{"name":"wp","href":"https:\/\/api.w.org\/{rel}","templated":true}]}}