{"id":29440,"date":"2019-01-09T18:22:09","date_gmt":"2019-01-09T17:22:09","guid":{"rendered":"https:\/\/yodelgrosdevaud.ch\/?page_id=29440"},"modified":"2026-02-25T12:52:11","modified_gmt":"2026-02-25T11:52:11","slug":"contact","status":"publish","type":"page","link":"https:\/\/yodelgrosdevaud.ch\/de\/acceuil\/contact\/","title":{"rendered":"KONTAKT"},"content":{"rendered":"\n<p>F\u00fcr Fragen zu unseren Angeboten, f\u00fcr eine Kontaktaufnahme oder f\u00fcr weitere Ausk\u00fcnfte k\u00f6nnen Sie uns per E-Mail unter folgender Adresse erreichen: <a>secretaire@yodelgrosdevaud.ch<\/a><br>oder telefonisch unter 077 529 40 88 (Sekret\u00e4rin: Audrey Gujan).<\/p>\n\n\n\n<p>Postanschrift: Pr\u00e4sident Christian M\u00e4rki, Chemin du Vernard 40, 1474 Ch\u00e2bles<\/p>\n\n\n\n<figure class=\"wp-block-image\"><img loading=\"lazy\" decoding=\"async\" width=\"867\" height=\"1024\" src=\"https:\/\/yodelgrosdevaud.ch\/wp-content\/uploads\/2017\/11\/Signet-WSJV-2014-1-867x1024.gif\" alt=\"\" class=\"wp-image-29049\" srcset=\"https:\/\/yodelgrosdevaud.ch\/wp-content\/uploads\/2017\/11\/Signet-WSJV-2014-1-867x1024.gif 867w, https:\/\/yodelgrosdevaud.ch\/wp-content\/uploads\/2017\/11\/Signet-WSJV-2014-1-254x300.gif 254w, https:\/\/yodelgrosdevaud.ch\/wp-content\/uploads\/2017\/11\/Signet-WSJV-2014-1-768x907.gif 768w, https:\/\/yodelgrosdevaud.ch\/wp-content\/uploads\/2017\/11\/Signet-WSJV-2014-1-1080x1276.gif 1080w, https:\/\/yodelgrosdevaud.ch\/wp-content\/uploads\/2017\/11\/Signet-WSJV-2014-1-1260x1489.gif 1260w\" sizes=\"(max-width: 867px) 100vw, 867px\" \/><\/figure>\n","protected":false},"excerpt":{"rendered":"<p>F\u00fcr Fragen zu unseren Angeboten, f\u00fcr eine Kontaktaufnahme oder f\u00fcr weitere Ausk\u00fcnfte k\u00f6nnen Sie uns per E-Mail unter folgender Adresse erreichen: secretaire@yodelgrosdevaud.choder telefonisch unter 077 529 40 88 (Sekret\u00e4rin: Audrey Gujan). Postanschrift: Pr\u00e4sident Christian M\u00e4rki, Chemin du Vernard 40, 1474 Ch\u00e2bles<\/p>\n","protected":false},"author":1,"featured_media":0,"parent":28906,"menu_order":0,"comment_status":"closed","ping_status":"closed","template":"","meta":{"_et_pb_use_builder":"off","_et_pb_old_content":"","_et_gb_content_width":"","footnotes":""},"class_list":{"0":"post-29440","1":"page","2":"type-page","3":"status-publish","5":"entry"},"jetpack_sharing_enabled":true,"jetpack_shortlink":"https:\/\/wp.me\/P9mzxp-7EQ","_links":{"self":[{"href":"https:\/\/yodelgrosdevaud.ch\/de\/wp-json\/wp\/v2\/pages\/29440","targetHints":{"allow":["GET"]}}],"collection":[{"href":"https:\/\/yodelgrosdevaud.ch\/de\/wp-json\/wp\/v2\/pages"}],"about":[{"href":"https:\/\/yodelgrosdevaud.ch\/de\/wp-json\/wp\/v2\/types\/page"}],"author":[{"embeddable":true,"href":"https:\/\/yodelgrosdevaud.ch\/de\/wp-json\/wp\/v2\/users\/1"}],"replies":[{"embeddable":true,"href":"https:\/\/yodelgrosdevaud.ch\/de\/wp-json\/wp\/v2\/comments?post=29440"}],"version-history":[{"count":9,"href":"https:\/\/yodelgrosdevaud.ch\/de\/wp-json\/wp\/v2\/pages\/29440\/revisions"}],"predecessor-version":[{"id":30264,"href":"https:\/\/yodelgrosdevaud.ch\/de\/wp-json\/wp\/v2\/pages\/29440\/revisions\/30264"}],"up":[{"embeddable":true,"href":"https:\/\/yodelgrosdevaud.ch\/de\/wp-json\/wp\/v2\/pages\/28906"}],"wp:attachment":[{"href":"https:\/\/yodelgrosdevaud.ch\/de\/wp-json\/wp\/v2\/media?parent=29440"}],"curies":[{"name":"wp","href":"https:\/\/api.w.org\/{rel}","templated":true}]}}