{"id":29119,"date":"2017-11-14T22:04:20","date_gmt":"2017-11-14T21:04:20","guid":{"rendered":"https:\/\/yodelgrosdevaud.ch\/?page_id=29119"},"modified":"2025-07-06T16:12:28","modified_gmt":"2025-07-06T14:12:28","slug":"comite","status":"publish","type":"page","link":"https:\/\/yodelgrosdevaud.ch\/de\/acceuil\/comite\/","title":{"rendered":"KOMITE"},"content":{"rendered":"<p style=\"text-align: center;\"><span id=\"tran0\">Der Vorstand besteht aus f\u00fcnf Mitgliedern des Klubs und dem Dirigenten:<\/span><\/p>\n<p><span id=\"tran1\">Christian M\u00e4rki, der Pr\u00e4sident<\/span><\/p>\n<p><span id=\"tran2\">Daniela von Niederh\u00e4usern, die Vizepr\u00e4sidentin<\/span><\/p>\n<p><span id=\"tran3\">Audrey Gujan (-Pittet), die Sekret\u00e4rin<\/span><\/p>\n<p><span id=\"tran4\">Franziska Pasche, die Kassierin<\/span><\/p>\n<p><span id=\"tran5\">Charly Bachmann, das Mitglied<\/span><\/p>\n<p><span id=\"tran6\">Sandra Sch\u00e4rer, die musikalische Direktorin<\/span><\/p>\n","protected":false},"excerpt":{"rendered":"<p>Der Vorstand besteht aus f\u00fcnf Mitgliedern des Klubs und dem Dirigenten: Christian M\u00e4rki, der Pr\u00e4sident Daniela von Niederh\u00e4usern, die Vizepr\u00e4sidentin Audrey Gujan (-Pittet), die Sekret\u00e4rin Franziska Pasche, die Kassierin Charly Bachmann, das Mitglied Sandra Sch\u00e4rer, die musikalische Direktorin<\/p>\n","protected":false},"author":1,"featured_media":0,"parent":28906,"menu_order":0,"comment_status":"closed","ping_status":"closed","template":"","meta":{"_et_pb_use_builder":"","_et_pb_old_content":"","_et_gb_content_width":"","footnotes":""},"class_list":{"0":"post-29119","1":"page","2":"type-page","3":"status-publish","5":"entry"},"jetpack_sharing_enabled":true,"jetpack_shortlink":"https:\/\/wp.me\/P9mzxp-7zF","_links":{"self":[{"href":"https:\/\/yodelgrosdevaud.ch\/de\/wp-json\/wp\/v2\/pages\/29119","targetHints":{"allow":["GET"]}}],"collection":[{"href":"https:\/\/yodelgrosdevaud.ch\/de\/wp-json\/wp\/v2\/pages"}],"about":[{"href":"https:\/\/yodelgrosdevaud.ch\/de\/wp-json\/wp\/v2\/types\/page"}],"author":[{"embeddable":true,"href":"https:\/\/yodelgrosdevaud.ch\/de\/wp-json\/wp\/v2\/users\/1"}],"replies":[{"embeddable":true,"href":"https:\/\/yodelgrosdevaud.ch\/de\/wp-json\/wp\/v2\/comments?post=29119"}],"version-history":[{"count":12,"href":"https:\/\/yodelgrosdevaud.ch\/de\/wp-json\/wp\/v2\/pages\/29119\/revisions"}],"predecessor-version":[{"id":30170,"href":"https:\/\/yodelgrosdevaud.ch\/de\/wp-json\/wp\/v2\/pages\/29119\/revisions\/30170"}],"up":[{"embeddable":true,"href":"https:\/\/yodelgrosdevaud.ch\/de\/wp-json\/wp\/v2\/pages\/28906"}],"wp:attachment":[{"href":"https:\/\/yodelgrosdevaud.ch\/de\/wp-json\/wp\/v2\/media?parent=29119"}],"curies":[{"name":"wp","href":"https:\/\/api.w.org\/{rel}","templated":true}]}}