{"id":29112,"date":"2017-11-14T21:38:46","date_gmt":"2017-11-14T20:38:46","guid":{"rendered":"https:\/\/yodelgrosdevaud.ch\/?page_id=29112"},"modified":"2024-02-17T10:05:38","modified_gmt":"2024-02-17T09:05:38","slug":"histoire","status":"publish","type":"page","link":"https:\/\/yodelgrosdevaud.ch\/de\/acceuil\/histoire\/","title":{"rendered":"GESCHICHTE"},"content":{"rendered":"<p style=\"text-align: center;\">Im kleinen Dorf Ch\u00eane-P\u00e2quier im Gros-de-Vaud, treffen sich regelm\u00e4ssig ein paar ausgewanderte Deutschschweizer im Restaurant desselben Dorfes, f\u00fcr ein Glas Wein und diskutieren \u00fcber ihre Leidenschaft, das Jodeln.<\/p>\n<p style=\"text-align: center;\">Im Jahre 1949, trafen sich die Herren Schnegg, Burri, Otto Christen, Gottfried Jordi, Otto Aeberhard, Fritz Schaer und Rudolf Hoffmann um den Jodlerklub \u201eEcho du Gros de Vaud\u201c zu gr\u00fcnden. Es ist ein diversifizierter Klub, mit S\u00e4ngern, Fahnenschwingern und Alphorn-Bl\u00e4sern, der politisch und religi\u00f6s neutral ist. Der Klub wurde im Jahre 1952 im den EJV aufgenommen.<\/p>\n<p style=\"text-align: center;\">Die Singproben fanden bis in die Sechzigerjahre im Schloss Vuissens statt. Danach wurde ins Schulhaus von D\u00e9moret umgezogen, wo die Proben noch heute stattfinden.<\/p>\n<p style=\"text-align: center;\">Jedes Jahr finden Unterhaltungsabende mit Gesang und Theater in den D\u00f6rfern Moudon, Bercher und D\u00e9moret statt. Es war \u201eDer Treffpunkt\u201c f\u00fcr die Deutschschweizer in der n\u00e4heren Umgebung.<\/p>\n<p style=\"text-align: center;\">Im Jahre 2003 gab es eine grundlegende \u00c4nderung der Unterhaltungsabende. Da immer mehr franz\u00f6sischsprechende G\u00e4ste am Unterhaltungsabend teilnahmen, wurden die Theaterauff\u00fchrungen durch verschiedene musikalisch oder volkst\u00e4nzerische Auff\u00fchrungen ersetzt. Somit konnte die Sprachgrenze beseitigt werden.<\/p>\n<p style=\"text-align: center;\">Diese \u00c4nderung hat sich als Erfolg best\u00e4tigt. Der Saal in D\u00e9moret wurde zu klein. Mit dem \u201e Grande Salle\u201c in Combremont-le-Petit hat der Klub den Ersatz gefunden.<\/p>\n<p style=\"text-align: center;\">W\u00e4hrend des Jahres nimmt der Klub an verschiedenen Anl\u00e4ssen teil. Das erm\u00f6glicht dem Klub sich zu pr\u00e4sentieren und so, zuk\u00fcnftige Mitglieder zu gewinnen. Das Jahr 2015 war ein Erfolgsjahr. Der Klub konnte mehrere junge Mitglieder aufnehmen.<\/p>\n<p style=\"text-align: center;\">Seit 2017 ist der Klub mit einer eigenen Webseite auch in den modernen Medien zu finden. Ebenfalls wurden Gilets mit unserem Logo angeschafft.<\/p>\n<p style=\"text-align: center;\">Zum jetzigen Zeitpunkt z\u00e4hlt der Klub etwa zwanzig deutsch und franz\u00f6sischsprechende Mitglieder. Unser Ziel ist es, Tradition, Jungend und Modernit\u00e4t harmonisch miteinander zu vereinen.<\/p>\n","protected":false},"excerpt":{"rendered":"<p>Im kleinen Dorf Ch\u00eane-P\u00e2quier im Gros-de-Vaud, treffen sich regelm\u00e4ssig ein paar ausgewanderte Deutschschweizer im Restaurant desselben Dorfes, f\u00fcr ein Glas Wein und diskutieren \u00fcber ihre Leidenschaft, das Jodeln. Im Jahre 1949, trafen sich die Herren Schnegg, Burri, Otto Christen, Gottfried Jordi, Otto Aeberhard, Fritz Schaer und Rudolf Hoffmann um den Jodlerklub \u201eEcho du Gros de&hellip; <\/p>\n<p class=\"toivo-read-more\"><a href=\"https:\/\/yodelgrosdevaud.ch\/de\/acceuil\/histoire\/\" class=\"more-link\">Read more <span class=\"screen-reader-text\">GESCHICHTE<\/span><\/a><\/p>\n","protected":false},"author":1,"featured_media":0,"parent":28906,"menu_order":0,"comment_status":"closed","ping_status":"closed","template":"pages\/front-page.php","meta":{"_et_pb_use_builder":"","_et_pb_old_content":"","_et_gb_content_width":"","jetpack_post_was_ever_published":false,"footnotes":""},"class_list":{"0":"post-29112","1":"page","2":"type-page","3":"status-publish","5":"entry"},"jetpack_sharing_enabled":true,"jetpack_shortlink":"https:\/\/wp.me\/P9mzxp-7zy","_links":{"self":[{"href":"https:\/\/yodelgrosdevaud.ch\/de\/wp-json\/wp\/v2\/pages\/29112","targetHints":{"allow":["GET"]}}],"collection":[{"href":"https:\/\/yodelgrosdevaud.ch\/de\/wp-json\/wp\/v2\/pages"}],"about":[{"href":"https:\/\/yodelgrosdevaud.ch\/de\/wp-json\/wp\/v2\/types\/page"}],"author":[{"embeddable":true,"href":"https:\/\/yodelgrosdevaud.ch\/de\/wp-json\/wp\/v2\/users\/1"}],"replies":[{"embeddable":true,"href":"https:\/\/yodelgrosdevaud.ch\/de\/wp-json\/wp\/v2\/comments?post=29112"}],"version-history":[{"count":6,"href":"https:\/\/yodelgrosdevaud.ch\/de\/wp-json\/wp\/v2\/pages\/29112\/revisions"}],"predecessor-version":[{"id":29882,"href":"https:\/\/yodelgrosdevaud.ch\/de\/wp-json\/wp\/v2\/pages\/29112\/revisions\/29882"}],"up":[{"embeddable":true,"href":"https:\/\/yodelgrosdevaud.ch\/de\/wp-json\/wp\/v2\/pages\/28906"}],"wp:attachment":[{"href":"https:\/\/yodelgrosdevaud.ch\/de\/wp-json\/wp\/v2\/media?parent=29112"}],"curies":[{"name":"wp","href":"https:\/\/api.w.org\/{rel}","templated":true}]}}