{"id":28906,"date":"2017-11-09T10:03:52","date_gmt":"2017-11-09T09:03:52","guid":{"rendered":"http:\/\/yodelgrosdevaud.ch\/?page_id=28906"},"modified":"2019-06-26T23:10:50","modified_gmt":"2019-06-26T21:10:50","slug":"acceuil","status":"publish","type":"page","link":"https:\/\/yodelgrosdevaud.ch\/de\/","title":{"rendered":"HOME"},"content":{"rendered":"<p>[et_pb_section bb_built=&#8220;1&#8243;][et_pb_row][et_pb_column type=&#8220;4_4&#8243;][et_pb_text _builder_version=&#8220;3.0.86&#8243; background_layout=&#8220;light&#8220;]<\/p>\n<p style=\"text-align: center;\"><span id=\"tran0\">Gast!<\/span><\/p>\n<p style=\"text-align: center;\"><span id=\"tran1\">Wir freuen uns, Sie auf unserer Website zu begr\u00fcssen!<\/span><\/p>\n<p style=\"text-align: center;\">Seit einigen Jahren findet unser Jodlerabend am 3. Samstag im M\u00e4rz in Combremont-le-Petit statt. Wir freuen uns, dass Ihr immer so zahlreich unseren Abend besucht.<\/p>\n<p style=\"text-align: center;\">Der Klub trifft sich 1x pro Woche zur Probe in D\u00e9moret. Ausserdem singen wir w\u00e4hrend des Jahres an verschiedenen Veranstaltungen und Geburtstagen.<\/p>\n<p style=\"text-align: center;\">Haben Sie Fragen? Z\u00f6gern Sie nicht, uns zu kontaktieren.<\/p>\n<p style=\"text-align: center;\">Viel Vergn\u00fcgen, wir freuen uns auf Ihre Anfrage!<\/p>\n<p>[\/et_pb_text][\/et_pb_column][\/et_pb_row][\/et_pb_section]<\/p>\n","protected":false},"excerpt":{"rendered":"<p>[et_pb_section bb_built=&#8220;1&#8243;][et_pb_row][et_pb_column type=&#8220;4_4&#8243;][et_pb_text _builder_version=&#8220;3.0.86&#8243; background_layout=&#8220;light&#8220;] Gast! Wir freuen uns, Sie auf unserer Website zu begr\u00fcssen! Seit einigen Jahren findet unser Jodlerabend am 3. Samstag im M\u00e4rz in Combremont-le-Petit statt. Wir freuen uns, dass Ihr immer so zahlreich unseren Abend besucht. Der Klub trifft sich 1x pro Woche zur Probe in D\u00e9moret. Ausserdem singen wir w\u00e4hrend&hellip; <\/p>\n<p class=\"toivo-read-more\"><a href=\"https:\/\/yodelgrosdevaud.ch\/de\/\" class=\"more-link\">Read more <span class=\"screen-reader-text\">HOME<\/span><\/a><\/p>\n","protected":false},"author":1,"featured_media":28968,"parent":0,"menu_order":0,"comment_status":"closed","ping_status":"closed","template":"","meta":{"_et_pb_use_builder":"off","_et_pb_old_content":"<p style=\"text-align: center;\">Bienvenue!<\/p>\r\n<p style=\"text-align: center;\">Nous sommes heureux de vous accueillir sur notre nouveau site!<\/p>\r\n<p style=\"text-align: center;\">N'h\u00e9sitez pas \u00e0 nous contacter pour toutes questions ou demandes particuli\u00e8res.<\/p>\r\n<p style=\"text-align: center;\">Excellente visite et au plaisir de vous revoir!<\/p>","_et_gb_content_width":"","footnotes":""},"class_list":{"0":"post-28906","1":"page","2":"type-page","3":"status-publish","4":"has-post-thumbnail","6":"entry"},"jetpack_sharing_enabled":true,"jetpack_shortlink":"https:\/\/wp.me\/P9mzxp-7we","_links":{"self":[{"href":"https:\/\/yodelgrosdevaud.ch\/de\/wp-json\/wp\/v2\/pages\/28906","targetHints":{"allow":["GET"]}}],"collection":[{"href":"https:\/\/yodelgrosdevaud.ch\/de\/wp-json\/wp\/v2\/pages"}],"about":[{"href":"https:\/\/yodelgrosdevaud.ch\/de\/wp-json\/wp\/v2\/types\/page"}],"author":[{"embeddable":true,"href":"https:\/\/yodelgrosdevaud.ch\/de\/wp-json\/wp\/v2\/users\/1"}],"replies":[{"embeddable":true,"href":"https:\/\/yodelgrosdevaud.ch\/de\/wp-json\/wp\/v2\/comments?post=28906"}],"version-history":[{"count":26,"href":"https:\/\/yodelgrosdevaud.ch\/de\/wp-json\/wp\/v2\/pages\/28906\/revisions"}],"predecessor-version":[{"id":29618,"href":"https:\/\/yodelgrosdevaud.ch\/de\/wp-json\/wp\/v2\/pages\/28906\/revisions\/29618"}],"wp:featuredmedia":[{"embeddable":true,"href":"https:\/\/yodelgrosdevaud.ch\/de\/wp-json\/wp\/v2\/media\/28968"}],"wp:attachment":[{"href":"https:\/\/yodelgrosdevaud.ch\/de\/wp-json\/wp\/v2\/media?parent=28906"}],"curies":[{"name":"wp","href":"https:\/\/api.w.org\/{rel}","templated":true}]}}